{"id":17,"date":"2026-04-24T17:41:28","date_gmt":"2026-04-24T17:41:28","guid":{"rendered":"https:\/\/envios-y-encomiendas-uriel-mayorga.pixelsmedias.com\/?page_id=17"},"modified":"2026-04-24T23:17:49","modified_gmt":"2026-04-24T23:17:49","slug":"servicios","status":"publish","type":"page","link":"https:\/\/envios-y-encomiendas-uriel-mayorga.pixelsmedias.com\/inicio\/servicios\/","title":{"rendered":"SERVICIOS"},"content":{"rendered":"\t\t<div data-elementor-type=\"wp-page\" data-elementor-id=\"17\" class=\"elementor elementor-17\" data-elementor-settings=\"{&quot;ha_cmc_init_switcher&quot;:&quot;no&quot;}\" data-elementor-post-type=\"page\">\n\t\t\t\t<div class=\"elementor-element elementor-element-2726f1f9 e-flex e-con-boxed e-con e-parent\" data-id=\"2726f1f9\" data-element_type=\"container\" data-e-type=\"container\" data-settings=\"{&quot;background_background&quot;:&quot;classic&quot;,&quot;_ha_eqh_enable&quot;:false}\">\n\t\t\t\t\t<div class=\"e-con-inner\">\n\t\t<div class=\"elementor-element elementor-element-7adc63d3 e-con-full e-flex e-con e-child\" data-id=\"7adc63d3\" data-element_type=\"container\" data-e-type=\"container\" data-settings=\"{&quot;_ha_eqh_enable&quot;:false}\">\n\t\t\t\t<div class=\"elementor-element elementor-element-4187d128 elementor-hidden-desktop de_scroll_animation_no elementor-widget elementor-widget-heading\" data-id=\"4187d128\" data-element_type=\"widget\" data-e-type=\"widget\" data-widget_type=\"heading.default\">\n\t\t\t\t\t<h2 class=\"elementor-heading-title elementor-size-default\">Nuestros Servicios<\/h2>\t\t\t\t<\/div>\n\t\t\t\t<div class=\"elementor-element elementor-element-206ca9e elementor-hidden-tablet elementor-hidden-mobile de_scroll_animation_no elementor-widget elementor-widget-heading\" data-id=\"206ca9e\" data-element_type=\"widget\" data-e-type=\"widget\" data-widget_type=\"heading.default\">\n\t\t\t\t\t<h2 class=\"elementor-heading-title elementor-size-default\">Nuestros Servicios<\/h2>\t\t\t\t<\/div>\n\t\t\t\t<\/div>\n\t\t\t\t\t<\/div>\n\t\t\t\t<\/div>\n\t\t<div class=\"elementor-element elementor-element-5e796f4a e-flex e-con-boxed e-con e-parent\" data-id=\"5e796f4a\" data-element_type=\"container\" data-e-type=\"container\" data-settings=\"{&quot;background_background&quot;:&quot;classic&quot;,&quot;_ha_eqh_enable&quot;:false}\">\n\t\t\t\t\t<div class=\"e-con-inner\">\n\t\t<div class=\"elementor-element elementor-element-6efffe97 e-con-full e-flex e-con e-child\" data-id=\"6efffe97\" data-element_type=\"container\" data-e-type=\"container\" data-settings=\"{&quot;_ha_eqh_enable&quot;:false}\">\n\t\t\t\t<div class=\"elementor-element elementor-element-79e2a3c1 elementor-align-center elementor-widget__width-initial elementor-icon-list--layout-traditional elementor-list-item-link-full_width de_scroll_animation_no ha-has-bg-overlay elementor-widget elementor-widget-icon-list\" data-id=\"79e2a3c1\" data-element_type=\"widget\" data-e-type=\"widget\" data-widget_type=\"icon-list.default\">\n\t\t\t\t\t\t\t<ul class=\"elementor-icon-list-items\">\n\t\t\t\t\t\t\t<li class=\"elementor-icon-list-item\">\n\t\t\t\t\t\t\t\t\t\t<span class=\"elementor-icon-list-text\">\u00bfQu\u00e9 Ofrecemos?<\/span>\n\t\t\t\t\t\t\t\t\t<\/li>\n\t\t\t\t\t\t<\/ul>\n\t\t\t\t\t\t<\/div>\n\t\t\t\t<div class=\"elementor-element elementor-element-44626ef7 de_scroll_animation_no elementor-widget elementor-widget-heading\" data-id=\"44626ef7\" data-element_type=\"widget\" data-e-type=\"widget\" data-widget_type=\"heading.default\">\n\t\t\t\t\t<h2 class=\"elementor-heading-title elementor-size-default\">Especialistas En Servicios Log\u00edsticos<\/h2>\t\t\t\t<\/div>\n\t\t\t\t<div class=\"elementor-element elementor-element-6770e369 de_scroll_animation_no elementor-widget elementor-widget-text-editor\" data-id=\"6770e369\" data-element_type=\"widget\" data-e-type=\"widget\" data-widget_type=\"text-editor.default\">\n\t\t\t\t\t\t\t\t\t<p>Brindamos soluciones eficientes en env\u00edos, encomiendas y acarreos, garantizando seguridad, rapidez y confianza en cada servicio. Nuestro compromiso es ofrecer una log\u00edstica organizada y adaptada a las necesidades de cada cliente en Nicaragua y Costa Rica.<\/p>\t\t\t\t\t\t\t\t<\/div>\n\t\t\t\t<\/div>\n\t\t<div class=\"elementor-element elementor-element-3128d423 e-con-full e-flex e-con e-child\" data-id=\"3128d423\" data-element_type=\"container\" data-e-type=\"container\" data-settings=\"{&quot;_ha_eqh_enable&quot;:false}\">\n\t\t<div class=\"elementor-element elementor-element-6699431f e-con-full e-flex e-con e-child\" data-id=\"6699431f\" data-element_type=\"container\" data-e-type=\"container\" data-settings=\"{&quot;_ha_eqh_enable&quot;:false}\">\n\t\t\t\t<div class=\"elementor-element elementor-element-11f2182c jkit-equal-height-disable de_scroll_animation_no ha-has-bg-overlay elementor-invisible elementor-widget elementor-widget-jkit_image_box\" data-id=\"11f2182c\" data-element_type=\"widget\" data-e-type=\"widget\" data-settings=\"{&quot;_animation&quot;:&quot;fadeInLeft&quot;}\" data-widget_type=\"jkit_image_box.default\">\n\t\t\t\t\t<div  class=\"jeg-elementor-kit jkit-image-box style-default elementor-animation- jeg_module___69ef23314e18e\" ><div class=\"image-box-header elementor-animation-\"><img fetchpriority=\"high\" decoding=\"async\" width=\"2560\" height=\"1601\" src=\"https:\/\/envios-y-encomiendas-uriel-mayorga.pixelsmedias.com\/wp-content\/uploads\/2026\/04\/delivery-worker-loading-boxes-into-van-2026-03-24-09-02-49-utc-scaled.jpg\" class=\"attachment-full size-full\" alt=\"\" url=\"https:\/\/envios-y-encomiendas-uriel-mayorga.pixelsmedias.com\/wp-content\/uploads\/2026\/04\/delivery-worker-loading-boxes-into-van-2026-03-24-09-02-49-utc-scaled.jpg\" source=\"library\" srcset=\"https:\/\/envios-y-encomiendas-uriel-mayorga.pixelsmedias.com\/wp-content\/uploads\/2026\/04\/delivery-worker-loading-boxes-into-van-2026-03-24-09-02-49-utc-scaled.jpg 2560w, https:\/\/envios-y-encomiendas-uriel-mayorga.pixelsmedias.com\/wp-content\/uploads\/2026\/04\/delivery-worker-loading-boxes-into-van-2026-03-24-09-02-49-utc-300x188.jpg 300w, https:\/\/envios-y-encomiendas-uriel-mayorga.pixelsmedias.com\/wp-content\/uploads\/2026\/04\/delivery-worker-loading-boxes-into-van-2026-03-24-09-02-49-utc-1024x640.jpg 1024w, https:\/\/envios-y-encomiendas-uriel-mayorga.pixelsmedias.com\/wp-content\/uploads\/2026\/04\/delivery-worker-loading-boxes-into-van-2026-03-24-09-02-49-utc-768x480.jpg 768w, https:\/\/envios-y-encomiendas-uriel-mayorga.pixelsmedias.com\/wp-content\/uploads\/2026\/04\/delivery-worker-loading-boxes-into-van-2026-03-24-09-02-49-utc-1536x961.jpg 1536w, https:\/\/envios-y-encomiendas-uriel-mayorga.pixelsmedias.com\/wp-content\/uploads\/2026\/04\/delivery-worker-loading-boxes-into-van-2026-03-24-09-02-49-utc-2048x1281.jpg 2048w\" sizes=\"(max-width: 2560px) 100vw, 2560px\" \/><\/div><div class=\"image-box-body\">\n            <div class=\"body-inner\"><h2 class=\"body-title icon-position-before\">Acarreos<\/h2>\n                <div class=\"body-description\"><p>Ofrecemos servicio de acarreos para el traslado de muebles, electrodom\u00e9sticos y carga en general, garantizando un manejo cuidadoso en todo momento. Nos adaptamos a diferentes tipos de necesidades, ya sea mudanzas peque\u00f1as o transporte de objetos pesados. Trabajamos con responsabilidad y puntualidad para cumplir con cada entrega. Nuestro objetivo es brindarte un servicio seguro, eficiente y confiable.<\/p><\/div>\n                <div class=\"body-button\"><div class=\"button-box icon-position-after\"><div class=\"button-wrapper\"><a href=\"https:\/\/envios-y-encomiendas-uriel-mayorga.pixelsmedias.com\/inicio\/contacto\/\">Cont\u00e1ctenos<i aria-hidden=\"true\" class=\"jki jki-long-arrow-alt-right-solid\"><\/i><\/a><\/div><\/div><\/div>\n                \n            <\/div>\n        <\/div><\/div>\t\t\t\t<\/div>\n\t\t\t\t<\/div>\n\t\t<div class=\"elementor-element elementor-element-954a39b e-con-full e-flex e-con e-child\" data-id=\"954a39b\" data-element_type=\"container\" data-e-type=\"container\" data-settings=\"{&quot;_ha_eqh_enable&quot;:false}\">\n\t\t\t\t<div class=\"elementor-element elementor-element-594bd76 de_scroll_animation_no elementor-widget elementor-widget-theme-site-logo elementor-widget-image\" data-id=\"594bd76\" data-element_type=\"widget\" data-e-type=\"widget\" data-widget_type=\"theme-site-logo.default\">\n\t\t\t\t\t\t\t\t\t\t\t<a href=\"https:\/\/envios-y-encomiendas-uriel-mayorga.pixelsmedias.com\/inicio\">\n\t\t\t<img decoding=\"async\" width=\"2559\" height=\"1554\" src=\"https:\/\/envios-y-encomiendas-uriel-mayorga.pixelsmedias.com\/wp-content\/uploads\/2026\/04\/cropped-Logo-Sin-Fondo-Bordes-Blancos-scaled-1.png\" class=\"attachment-full size-full wp-image-453\" alt=\"\" srcset=\"https:\/\/envios-y-encomiendas-uriel-mayorga.pixelsmedias.com\/wp-content\/uploads\/2026\/04\/cropped-Logo-Sin-Fondo-Bordes-Blancos-scaled-1.png 2559w, https:\/\/envios-y-encomiendas-uriel-mayorga.pixelsmedias.com\/wp-content\/uploads\/2026\/04\/cropped-Logo-Sin-Fondo-Bordes-Blancos-scaled-1-300x182.png 300w, https:\/\/envios-y-encomiendas-uriel-mayorga.pixelsmedias.com\/wp-content\/uploads\/2026\/04\/cropped-Logo-Sin-Fondo-Bordes-Blancos-scaled-1-1024x622.png 1024w, https:\/\/envios-y-encomiendas-uriel-mayorga.pixelsmedias.com\/wp-content\/uploads\/2026\/04\/cropped-Logo-Sin-Fondo-Bordes-Blancos-scaled-1-768x466.png 768w, https:\/\/envios-y-encomiendas-uriel-mayorga.pixelsmedias.com\/wp-content\/uploads\/2026\/04\/cropped-Logo-Sin-Fondo-Bordes-Blancos-scaled-1-1536x933.png 1536w, https:\/\/envios-y-encomiendas-uriel-mayorga.pixelsmedias.com\/wp-content\/uploads\/2026\/04\/cropped-Logo-Sin-Fondo-Bordes-Blancos-scaled-1-2048x1244.png 2048w\" sizes=\"(max-width: 2559px) 100vw, 2559px\" \/>\t\t\t\t<\/a>\n\t\t\t\t\t\t\t\t\t\t\t<\/div>\n\t\t\t\t<\/div>\n\t\t<div class=\"elementor-element elementor-element-4c1914d2 e-con-full e-flex e-con e-child\" data-id=\"4c1914d2\" data-element_type=\"container\" data-e-type=\"container\" data-settings=\"{&quot;_ha_eqh_enable&quot;:false}\">\n\t\t\t\t<div class=\"elementor-element elementor-element-6522ade2 jkit-equal-height-disable de_scroll_animation_no ha-has-bg-overlay elementor-invisible elementor-widget elementor-widget-jkit_image_box\" data-id=\"6522ade2\" data-element_type=\"widget\" data-e-type=\"widget\" data-settings=\"{&quot;_animation&quot;:&quot;fadeInRight&quot;}\" data-widget_type=\"jkit_image_box.default\">\n\t\t\t\t\t<div  class=\"jeg-elementor-kit jkit-image-box style-default elementor-animation- jeg_module__1_69ef233150c04\" ><div class=\"image-box-header elementor-animation-\"><img decoding=\"async\" width=\"2560\" height=\"1707\" src=\"https:\/\/envios-y-encomiendas-uriel-mayorga.pixelsmedias.com\/wp-content\/uploads\/2026\/04\/cargo-truck-driving-on-highway-hauling-goods-in-ev-2026-03-16-02-11-09-utc-scaled.jpg\" class=\"attachment-full size-full\" alt=\"\" url=\"https:\/\/envios-y-encomiendas-uriel-mayorga.pixelsmedias.com\/wp-content\/uploads\/2026\/04\/cargo-truck-driving-on-highway-hauling-goods-in-ev-2026-03-16-02-11-09-utc-scaled.jpg\" source=\"library\" srcset=\"https:\/\/envios-y-encomiendas-uriel-mayorga.pixelsmedias.com\/wp-content\/uploads\/2026\/04\/cargo-truck-driving-on-highway-hauling-goods-in-ev-2026-03-16-02-11-09-utc-scaled.jpg 2560w, https:\/\/envios-y-encomiendas-uriel-mayorga.pixelsmedias.com\/wp-content\/uploads\/2026\/04\/cargo-truck-driving-on-highway-hauling-goods-in-ev-2026-03-16-02-11-09-utc-300x200.jpg 300w, https:\/\/envios-y-encomiendas-uriel-mayorga.pixelsmedias.com\/wp-content\/uploads\/2026\/04\/cargo-truck-driving-on-highway-hauling-goods-in-ev-2026-03-16-02-11-09-utc-1024x683.jpg 1024w, https:\/\/envios-y-encomiendas-uriel-mayorga.pixelsmedias.com\/wp-content\/uploads\/2026\/04\/cargo-truck-driving-on-highway-hauling-goods-in-ev-2026-03-16-02-11-09-utc-768x512.jpg 768w, https:\/\/envios-y-encomiendas-uriel-mayorga.pixelsmedias.com\/wp-content\/uploads\/2026\/04\/cargo-truck-driving-on-highway-hauling-goods-in-ev-2026-03-16-02-11-09-utc-1536x1024.jpg 1536w, https:\/\/envios-y-encomiendas-uriel-mayorga.pixelsmedias.com\/wp-content\/uploads\/2026\/04\/cargo-truck-driving-on-highway-hauling-goods-in-ev-2026-03-16-02-11-09-utc-2048x1365.jpg 2048w\" sizes=\"(max-width: 2560px) 100vw, 2560px\" \/><\/div><div class=\"image-box-body\">\n            <div class=\"body-inner\"><h2 class=\"body-title icon-position-before\">Env\u00edos y Encomiendas a Nivel Nacional e Internacional (Nicaragua y Costa Rica)<\/h2>\n                <div class=\"body-description\"><p>Realizamos env\u00edos de paquetes y encomiendas dentro de Nicaragua y tambi\u00e9n hacia Costa Rica, asegurando rapidez y seguridad en cada traslado. Nos encargamos de que cada env\u00edo llegue en \u00f3ptimas condiciones, cuidando cada detalle del proceso. Brindamos seguimiento y atenci\u00f3n personalizada para cada cliente. Somos una opci\u00f3n confiable para conectar tus env\u00edos entre ambos pa\u00edses.<\/p><\/div>\n                <div class=\"body-button\"><div class=\"button-box icon-position-after\"><div class=\"button-wrapper\"><a href=\"https:\/\/envios-y-encomiendas-uriel-mayorga.pixelsmedias.com\/inicio\/contacto\/\">Cont\u00e1ctenos<i aria-hidden=\"true\" class=\"jki jki-long-arrow-alt-right-solid\"><\/i><\/a><\/div><\/div><\/div>\n                \n            <\/div>\n        <\/div><\/div>\t\t\t\t<\/div>\n\t\t\t\t<\/div>\n\t\t\t\t<\/div>\n\t\t\t\t\t<\/div>\n\t\t\t\t<\/div>\n\t\t\t\t<\/div>\n\t\t","protected":false},"excerpt":{"rendered":"<p>Nuestros Servicios Nuestros Servicios \u00bfQu\u00e9 Ofrecemos? Especialistas En Servicios Log\u00edsticos Brindamos soluciones eficientes en env\u00edos, encomiendas y acarreos, garantizando seguridad, rapidez y confianza en cada servicio. Nuestro compromiso es ofrecer una log\u00edstica organizada y adaptada a las necesidades de cada cliente en Nicaragua y Costa Rica. Acarreos Ofrecemos servicio de acarreos para el traslado de [&hellip;]<\/p>\n","protected":false},"author":1,"featured_media":0,"parent":0,"menu_order":0,"comment_status":"closed","ping_status":"closed","template":"","meta":{"footnotes":""},"class_list":["post-17","page","type-page","status-publish","hentry"],"_links":{"self":[{"href":"https:\/\/envios-y-encomiendas-uriel-mayorga.pixelsmedias.com\/inicio\/wp-json\/wp\/v2\/pages\/17","targetHints":{"allow":["GET"]}}],"collection":[{"href":"https:\/\/envios-y-encomiendas-uriel-mayorga.pixelsmedias.com\/inicio\/wp-json\/wp\/v2\/pages"}],"about":[{"href":"https:\/\/envios-y-encomiendas-uriel-mayorga.pixelsmedias.com\/inicio\/wp-json\/wp\/v2\/types\/page"}],"author":[{"embeddable":true,"href":"https:\/\/envios-y-encomiendas-uriel-mayorga.pixelsmedias.com\/inicio\/wp-json\/wp\/v2\/users\/1"}],"replies":[{"embeddable":true,"href":"https:\/\/envios-y-encomiendas-uriel-mayorga.pixelsmedias.com\/inicio\/wp-json\/wp\/v2\/comments?post=17"}],"version-history":[{"count":22,"href":"https:\/\/envios-y-encomiendas-uriel-mayorga.pixelsmedias.com\/inicio\/wp-json\/wp\/v2\/pages\/17\/revisions"}],"predecessor-version":[{"id":425,"href":"https:\/\/envios-y-encomiendas-uriel-mayorga.pixelsmedias.com\/inicio\/wp-json\/wp\/v2\/pages\/17\/revisions\/425"}],"wp:attachment":[{"href":"https:\/\/envios-y-encomiendas-uriel-mayorga.pixelsmedias.com\/inicio\/wp-json\/wp\/v2\/media?parent=17"}],"curies":[{"name":"wp","href":"https:\/\/api.w.org\/{rel}","templated":true}]}}